{"id":4687,"date":"2024-02-07T14:14:05","date_gmt":"2024-02-07T13:14:05","guid":{"rendered":"https:\/\/www.congres.sfndt.org\/univ\/?page_id=4687"},"modified":"2026-04-01T09:27:27","modified_gmt":"2026-04-01T07:27:27","slug":"programme","status":"publish","type":"page","link":"https:\/\/www.congres.sfndt.org\/univ\/programme\/","title":{"rendered":"Programme"},"content":{"rendered":"<p>[vc_row type=\u00a0\u00bbvc_default\u00a0\u00bb full_width=\u00a0\u00bbstretch_row_content\u00a0\u00bb][vc_column width=\u00a0\u00bb5\/6&Prime; offset=\u00a0\u00bbvc_col-lg-offset-1&Prime;][vc_custom_heading text=\u00a0\u00bbPROGRAMME 2026&Prime; font_container=\u00a0\u00bbtag:h2|font_size:40|text_align:center|color:%231a2d4c\u00a0\u00bb google_fonts=\u00a0\u00bbfont_family:Open%20Sans%20Condensed%3A300%2C300italic%2C700|font_style:700%20bold%20regular%3A700%3Anormal\u00a0\u00bb][\/vc_column][\/vc_row][vc_row type=\u00a0\u00bbvc_default\u00a0\u00bb full_width=\u00a0\u00bbstretch_row_content\u00a0\u00bb][vc_column width=\u00a0\u00bb5\/6&Prime; offset=\u00a0\u00bbvc_col-lg-offset-1&Prime; css=\u00a0\u00bb.vc_custom_1707385688951{border-left-width: 4px !important;padding-left: 20px !important;border-left-color: #bcd330 !important;border-left-style: solid !important;}\u00a0\u00bb][vc_column_text]<\/p>\n<p style=\"text-align: left\"><strong>Cette ann\u00e9e le th\u00e8me du 3\u00e8me Forum de la SFNDT est : L&rsquo;insuffisance r\u00e9nale en N\u00e9phrologie &#8211; de l&rsquo;urgence \u00e0 la pr\u00e9vention.<\/strong><\/p>\n<p>D\u00e9couvrez le programme pr\u00e9visionnel du forum.[\/vc_column_text][vc_single_image image=\u00a0\u00bb5215&Prime; img_size=\u00a0\u00bbfull\u00a0\u00bb alignment=\u00a0\u00bbcenter\u00a0\u00bb style=\u00a0\u00bbvc_box_shadow\u00a0\u00bb onclick=\u00a0\u00bbcustom_link\u00a0\u00bb img_link_target=\u00a0\u00bb_blank\u00a0\u00bb link=\u00a0\u00bbhttps:\/\/www.congres.sfndt.org\/univ\/wp-content\/uploads\/2026\/04\/PROGRAMME_3FORUMSFNDT26_PP.pdf\u00a0\u00bb][vc_empty_space height=\u00a0\u00bb50px\u00a0\u00bb]<style type=\"text\/css\" data-type=\"the7_shortcodes-inline-css\">#default-btn-9236a17f28fffb3f8b4d5087d871cea6.ico-right-side > i {\n  margin-right: 0px;\n  margin-left: 8px;\n}\n#default-btn-9236a17f28fffb3f8b4d5087d871cea6 > i {\n  margin-right: 8px;\n}\n<\/style><div class=\"btn-align-center\"><a href=\"https:\/\/www.congres.sfndt.org\/univ\/wp-content\/uploads\/2026\/04\/PROGRAMME_3FORUMSFNDT26_PP.pdf\" class=\"default-btn-shortcode dt-btn dt-btn-l bounce animate-element animation-builder link-hover-off \" id=\"default-btn-9236a17f28fffb3f8b4d5087d871cea6\" style=\"width:430px;\"><span>JE CONSULTE LE PROGRAMME<\/span><\/a><\/div>[vc_empty_space height=\u00a0\u00bb80px\u00a0\u00bb][\/vc_column][\/vc_row]<\/p>\n","protected":false},"excerpt":{"rendered":"<p>[vc_row type=\u00a0\u00bbvc_default\u00a0\u00bb full_width=\u00a0\u00bbstretch_row_content\u00a0\u00bb][vc_column width=\u00a0\u00bb5\/6&Prime; offset=\u00a0\u00bbvc_col-lg-offset-1&Prime;][vc_custom_heading text=\u00a0\u00bbPROGRAMME 2026&Prime; font_container=\u00a0\u00bbtag:h2|font_size:40|text_align:center|color:%231a2d4c\u00a0\u00bb google_fonts=\u00a0\u00bbfont_family:Open%20Sans%20Condensed%3A300%2C300italic%2C700|font_style:700%20bold%20regular%3A700%3Anormal\u00a0\u00bb][\/vc_column][\/vc_row][vc_row type=\u00a0\u00bbvc_default\u00a0\u00bb full_width=\u00a0\u00bbstretch_row_content\u00a0\u00bb][vc_column width=\u00a0\u00bb5\/6&Prime; offset=\u00a0\u00bbvc_col-lg-offset-1&Prime; css=\u00a0\u00bb.vc_custom_1707385688951{border-left-width: 4px !important;padding-left: 20px !important;border-left-color: #bcd330 !important;border-left-style: solid !important;}\u00a0\u00bb][vc_column_text] Cette ann\u00e9e le th\u00e8me du 3\u00e8me Forum de la SFNDT est : L&rsquo;insuffisance r\u00e9nale en N\u00e9phrologie &#8211; de l&rsquo;urgence \u00e0 la pr\u00e9vention. D\u00e9couvrez le programme pr\u00e9visionnel du forum.[\/vc_column_text][vc_single_image image=\u00a0\u00bb5215&Prime; img_size=\u00a0\u00bbfull\u00a0\u00bb alignment=\u00a0\u00bbcenter\u00a0\u00bb style=\u00a0\u00bbvc_box_shadow\u00a0\u00bb onclick=\u00a0\u00bbcustom_link\u00a0\u00bb&hellip;<\/p>\n","protected":false},"author":1,"featured_media":0,"parent":0,"menu_order":0,"comment_status":"closed","ping_status":"closed","template":"","meta":{"inline_featured_image":false},"_links":{"self":[{"href":"https:\/\/www.congres.sfndt.org\/univ\/wp-json\/wp\/v2\/pages\/4687"}],"collection":[{"href":"https:\/\/www.congres.sfndt.org\/univ\/wp-json\/wp\/v2\/pages"}],"about":[{"href":"https:\/\/www.congres.sfndt.org\/univ\/wp-json\/wp\/v2\/types\/page"}],"author":[{"embeddable":true,"href":"https:\/\/www.congres.sfndt.org\/univ\/wp-json\/wp\/v2\/users\/1"}],"replies":[{"embeddable":true,"href":"https:\/\/www.congres.sfndt.org\/univ\/wp-json\/wp\/v2\/comments?post=4687"}],"version-history":[{"count":41,"href":"https:\/\/www.congres.sfndt.org\/univ\/wp-json\/wp\/v2\/pages\/4687\/revisions"}],"predecessor-version":[{"id":5254,"href":"https:\/\/www.congres.sfndt.org\/univ\/wp-json\/wp\/v2\/pages\/4687\/revisions\/5254"}],"wp:attachment":[{"href":"https:\/\/www.congres.sfndt.org\/univ\/wp-json\/wp\/v2\/media?parent=4687"}],"curies":[{"name":"wp","href":"https:\/\/api.w.org\/{rel}","templated":true}]}}