{"id":12,"date":"2018-11-09T11:43:50","date_gmt":"2018-11-09T10:43:50","guid":{"rendered":"http:\/\/localhost\/sfndt\/wordpress\/?page_id=12"},"modified":"2026-03-24T11:47:35","modified_gmt":"2026-03-24T10:47:35","slug":"home","status":"publish","type":"page","link":"https:\/\/www.congres.sfndt.org\/sfndt\/","title":{"rendered":"Accueil &#x2705;"},"content":{"rendered":"<p>[vc_row type=\u00a0\u00bbvc_default\u00a0\u00bb full_width=\u00a0\u00bbstretch_row_content\u00a0\u00bb css=\u00a0\u00bb.vc_custom_1671032147474{margin-top: -80px !important;}\u00a0\u00bb][vc_column][vc_empty_space][\/vc_column][\/vc_row][vc_row][vc_column][vc_empty_space][\/vc_column][\/vc_row][vc_row type=\u00a0\u00bbvc_default\u00a0\u00bb full_width=\u00a0\u00bbstretch_row_content\u00a0\u00bb][vc_column css=\u00a0\u00bb.vc_custom_1681983037501{margin-top: 10px !important;}\u00a0\u00bb][vc_empty_space][vc_custom_heading text=\u00a0\u00bbMot des pr\u00e9sidents\u00a0\u00bb font_container=\u00a0\u00bbtag:h2|font_size:40|text_align:left|color:%23d2d948&Prime; google_fonts=\u00a0\u00bbfont_family:Open%20Sans%20Condensed%3A300%2C300italic%2C700|font_style:700%20bold%20regular%3A700%3Anormal\u00a0\u00bb][vc_empty_space height=\u00a0\u00bb45px\u00a0\u00bb][\/vc_column][\/vc_row][vc_row type=\u00a0\u00bbvc_default\u00a0\u00bb full_width=\u00a0\u00bbstretch_row_content\u00a0\u00bb gap=\u00a0\u00bb10&Prime; full_width_row=\u00a0\u00bbtrue\u00a0\u00bb][vc_column][vc_column_text]<\/p>\n<p style=\"text-align: justify\"><strong><span style=\"color: #5a7797\">Cher\u00b7e\u00b7s<\/span><\/strong><strong><span style=\"color: #5a7797\"> Coll\u00e8gues, Cher\u00b7e\u00b7s Ami\u00b7e\u00b7s,<\/span><\/strong><\/p>\n<p>Le comit\u00e9 local d\u2019organisation d\u2019\u00cele-de-France a le plaisir de vous convier au 11\u1d49 Congr\u00e8s de la Soci\u00e9t\u00e9 Francophone de N\u00e9phrologie, Dialyse et Transplantation (SFNDT), qui se tiendra \u00e0 Paris, au Palais des Congr\u00e8s Porte Maillot, du 13 au\u00a016 octobre 2026.<\/p>\n<p>Apr\u00e8s de trop nombreuses ann\u00e9es sans que notre communaut\u00e9 se r\u00e9unisse \u00e0 Paris, nous sommes particuli\u00e8rement enthousiastes \u00e0 l\u2019id\u00e9e d\u2019accueillir l\u2019ensemble des n\u00e9phrologues francophones dans la capitale. Pour cette occasion, toutes les \u00e9quipes de N\u00e9phrologie d\u2019\u00cele-de-France se sont mobilis\u00e9es afin de faire de ce congr\u00e8s un \u00e9v\u00e9nement scientifique d\u2019excellence, tout en favorisant les \u00e9changes conviviaux entre coll\u00e8gues.<\/p>\n<p>Le programme scientifique du 11\u1d49 congr\u00e8s combinera les derni\u00e8res avanc\u00e9es en recherche clinique et translationnelle avec une vision compl\u00e8te des strat\u00e9gies de pr\u00e9vention, de d\u00e9pistage et de traitement des maladies r\u00e9nales. Vous pourrez profiter d\u2019une offre riche et vari\u00e9e comprenant :<\/p>\n<ol>\n<li>Conf\u00e9rences pl\u00e9ni\u00e8res<\/li>\n<li>Symposiums<\/li>\n<li>Mini-conf\u00e9rences<\/li>\n<li>Communications libres<\/li>\n<li>Sessions \u00e9ducatives pour la FMC<\/li>\n<\/ol>\n<p>Au-del\u00e0 du programme scientifique, Paris offre en octobre un cadre id\u00e9al pour se promener dans ses rues historiques et profiter de ses monuments et mus\u00e9es.<\/p>\n<p>Avec le soutien du Conseil d\u2019Administration de la SFNDT et de ses commissions actives, nous c\u00e9l\u00e9brerons \u00e9galement le 10\u1d49 anniversaire de notre Soci\u00e9t\u00e9, un moment de partage et de reconnaissance pour notre communaut\u00e9.<\/p>\n<p>Nous serons ravis de vous accueillir \u00e0 Paris pour cette rencontre majeure de la n\u00e9phrologie francophone.<\/p>\n<p style=\"text-align: justify\"><strong><span style=\"color: #5a7797\">Pour le Comit\u00e9 local d&rsquo;organisation<br \/>\nVincent AUDARD, Ziad MASSY, Fran\u00e7ois VRTOVSNIK<\/span><\/strong><\/p>\n<p>[\/vc_column_text][\/vc_column][\/vc_row][vc_row type=\u00a0\u00bbvc_default\u00a0\u00bb full_width=\u00a0\u00bbstretch_row_content\u00a0\u00bb][vc_column css=\u00a0\u00bb.vc_custom_1681983037501{margin-top: 10px !important;}\u00a0\u00bb][vc_empty_space][vc_custom_heading text=\u00a0\u00bbCOMIT\u00c9 D&rsquo;ORGANISATION\u00a0\u00bb font_container=\u00a0\u00bbtag:h2|font_size:40|text_align:left|color:%23d2d948&Prime; google_fonts=\u00a0\u00bbfont_family:Open%20Sans%20Condensed%3A300%2C300italic%2C700|font_style:700%20bold%20regular%3A700%3Anormal\u00a0\u00bb][vc_empty_space height=\u00a0\u00bb90px\u00a0\u00bb][\/vc_column][\/vc_row][vc_row type=\u00a0\u00bbvc_default\u00a0\u00bb full_width=\u00a0\u00bbstretch_row_content_no_spaces\u00a0\u00bb gap=\u00a0\u00bb10&Prime; equal_height=\u00a0\u00bbyes\u00a0\u00bb full_width_row=\u00a0\u00bbtrue\u00a0\u00bb][vc_column width=\u00a0\u00bb1\/5&Prime; offset=\u00a0\u00bbvc_hidden-sm vc_hidden-xs\u00a0\u00bb][vc_single_image image=\u00a0\u00bb6552&Prime; img_size=\u00a0\u00bbfull\u00a0\u00bb alignment=\u00a0\u00bbcenter\u00a0\u00bb][vc_column_text css=\u00a0\u00bb.vc_custom_1770644838007{margin-top: -35px !important;padding-top: 10px !important;padding-bottom: 10px !important;background-color: #bdd752 !important;}\u00a0\u00bb]<\/p>\n<p style=\"text-align: center;color: #fff\"><b>Christophe Mariat<\/b><br \/>\nPr\u00e9sident de la SFNDT (Saint-Etienne)<\/p>\n<p>[\/vc_column_text][\/vc_column][vc_column width=\u00a0\u00bb1\/5&Prime;][vc_single_image image=\u00a0\u00bb6557&Prime; img_size=\u00a0\u00bbfull\u00a0\u00bb alignment=\u00a0\u00bbcenter\u00a0\u00bb][vc_column_text css=\u00a0\u00bb.vc_custom_1774348765089{margin-top: -35px !important;padding-top: 10px !important;padding-bottom: 10px !important;background-color: #bdd752 !important;}\u00a0\u00bb]<\/p>\n<p style=\"text-align: center;color: #fff\"><b>Thierry LOBBEDDEZ\u00a0<\/b><br \/>\nVice-Pr\u00e9sident de la SNFDT (Caen)<\/p>\n<p>[\/vc_column_text][\/vc_column][vc_column width=\u00a0\u00bb1\/5&Prime; offset=\u00a0\u00bbvc_hidden-sm vc_hidden-xs\u00a0\u00bb][vc_single_image image=\u00a0\u00bb6553&Prime; img_size=\u00a0\u00bbfull\u00a0\u00bb alignment=\u00a0\u00bbcenter\u00a0\u00bb][vc_column_text css=\u00a0\u00bb.vc_custom_1774348814652{margin-top: -35px !important;padding-top: 10px !important;padding-bottom: 10px !important;background-color: #5a7797 !important;}\u00a0\u00bb]<\/p>\n<p style=\"text-align: center;color: #fff\"><b>Vincent AUDARD<\/b><br \/>\nCo-Pr\u00e9sident du Congr\u00e8s (Paris)<\/p>\n<p>[\/vc_column_text][\/vc_column][vc_column width=\u00a0\u00bb1\/5&Prime; offset=\u00a0\u00bbvc_hidden-sm vc_hidden-xs\u00a0\u00bb][vc_single_image image=\u00a0\u00bb6554&Prime; img_size=\u00a0\u00bbfull\u00a0\u00bb alignment=\u00a0\u00bbcenter\u00a0\u00bb][vc_column_text css=\u00a0\u00bb.vc_custom_1774348825523{margin-top: -35px !important;padding-top: 10px !important;padding-bottom: 10px !important;background-color: #5a7797 !important;}\u00a0\u00bb]<\/p>\n<p style=\"text-align: center;color: #fff\"><b>Ziad MASSY<\/b><br \/>\nCo-Pr\u00e9sident du Congr\u00e8s (Paris)<\/p>\n<p>[\/vc_column_text][\/vc_column][vc_column width=\u00a0\u00bb1\/5&Prime;][vc_single_image image=\u00a0\u00bb6556&Prime; img_size=\u00a0\u00bbfull\u00a0\u00bb alignment=\u00a0\u00bbcenter\u00a0\u00bb][vc_column_text css=\u00a0\u00bb.vc_custom_1774348834892{margin-top: -35px !important;padding-top: 10px !important;padding-bottom: 10px !important;background-color: #5a7797 !important;}\u00a0\u00bb]<\/p>\n<p style=\"text-align: center;color: #fff\"><b>Fran\u00e7ois VRTOVSNIK\u00a0<\/b><br \/>\nCo-Pr\u00e9sident du Congr\u00e8s (Paris)<\/p>\n<p>[\/vc_column_text][\/vc_column][\/vc_row][vc_row type=\u00a0\u00bbvc_default\u00a0\u00bb full_width=\u00a0\u00bbstretch_row_content\u00a0\u00bb][vc_column][vc_empty_space][vc_empty_space][vc_custom_heading text=\u00a0\u00bbCOMIT\u00c9 LOCAL\u00a0\u00bb font_container=\u00a0\u00bbtag:h2|font_size:40|text_align:left|color:%235a7797&Prime; google_fonts=\u00a0\u00bbfont_family:Open%20Sans%20Condensed%3A300%2C300italic%2C700|font_style:700%20bold%20regular%3A700%3Anormal\u00a0\u00bb][\/vc_column][\/vc_row][vc_row type=\u00a0\u00bbvc_default\u00a0\u00bb full_width=\u00a0\u00bbstretch_row_content\u00a0\u00bb][vc_column width=\u00a0\u00bb1\/2&Prime;][vc_empty_space][vc_empty_space][vc_column_text]Marie-Noelle PERALDI (Paris Necker)<br \/>\nXavier BELENFANT (Montreuil)<br \/>\nPascal BUCHET (CHU Avicenne)<br \/>\nJean Jacques BOFFA (Paris Tenon\/Piti\u00e9)<br \/>\nEric DAUGAS (Paris Bichat)<br \/>\nVal\u00e9rie CAUDWELL (Corbeil-Essonnes<em>)<\/em><br \/>\nGilles CRAMBERT (Paris)<br \/>\nMarie ESSIG (Paris Ambroise Par\u00e9)<br \/>\nJulien HOGAN (Paris Robert Debr\u00e9)<br \/>\nLouis KEVIN (Paris Saint Louis)<br \/>\nMarion RABANT (Paris Necker)<br \/>\nRenaud SNANOUDJ (Paris Bic\u00eatre)<br \/>\nEric THERVET (HEGP Paris)<br \/>\nPablo URENA-TORRES (AURA St-Ouen-sur-Seine)<br \/>\nFlorent VON TOKARSKI (Paris Foch)[\/vc_column_text][\/vc_column][vc_column width=\u00a0\u00bb1\/2&Prime;][vc_empty_space][vc_empty_space][\/vc_column][\/vc_row][vc_row type=\u00a0\u00bbvc_default\u00a0\u00bb full_width=\u00a0\u00bbstretch_row_content\u00a0\u00bb][vc_column][vc_empty_space][vc_custom_heading text=\u00a0\u00bbEn 2025, le 10\u00e8me congr\u00e8s c\u2019\u00e9tait\u00a0\u00bb font_container=\u00a0\u00bbtag:h2|font_size:40|text_align:left|color:%235a7797&Prime; google_fonts=\u00a0\u00bbfont_family:Open%20Sans%20Condensed%3A300%2C300italic%2C700|font_style:700%20bold%20regular%3A700%3Anormal\u00a0\u00bb][vc_empty_space][\/vc_column][\/vc_row][vc_row type=\u00a0\u00bbvc_default\u00a0\u00bb full_width=\u00a0\u00bbstretch_row_content\u00a0\u00bb equal_height=\u00a0\u00bbyes\u00a0\u00bb content_placement=\u00a0\u00bbmiddle\u00a0\u00bb][vc_column width=\u00a0\u00bb1\/3&Prime;]<div class=\"stats-block stats-left  accent-icon-bg  vc_custom_1773236961441\"><div class=\"aio-icon-left\"><div class=\"ult-just-icon-wrapper  \"><div class=\"align-icon\" style=\"text-align:center;\">\n<div class=\"aio-icon circle \"  style=\"color:#ffffff;background:#0068a7;font-size:28px;display:inline-block;\">\n\t<i class=\"Defaults-group users\"><\/i>\n<\/div><\/div><\/div><\/div><div class=\"stats-desc\" id=\"counter-responsv-wrap-4061\"><div id=\"counter_20292802469f5f6b455ce0\" data-id=\"counter_20292802469f5f6b455ce0\"  data-ultimate-target='#counter-responsv-wrap-4061 .stats-number'  data-responsive-json-new='{\"font-size\":\"desktop:60px;\",\"line-height\":\"desktop:60px;\"}'  class=\"stats-number ult-responsive\" style=\" color:#00395d; font-family:&#039;Open Sans Condensed&#039;;font-weight:700;color:#00395d;\" data-speed=\"3\" data-counter-value=\"2191\" data-separator=\"none\" data-decimal=\".\">0<\/div><div id=\"counter_20292802469f5f6b455ce0\"  data-ultimate-target='#counter-responsv-wrap-4061 .stats-text'  data-responsive-json-new='{\"font-size\":\"desktop:19px;\",\"line-height\":\"desktop:26px;\"}'  class=\"stats-text ult-responsive\" style=\"font-size:px; color:#00395d; font-family:&#039;Open Sans Condensed&#039;;font-weight:700;\">inscrits<\/div><\/div><\/div>[\/vc_column][vc_column width=\u00a0\u00bb1\/3&Prime;]<div class=\"stats-block stats-left  accent-icon-bg  vc_custom_1773236968842\"><div class=\"aio-icon-left\"><div class=\"ult-just-icon-wrapper  \"><div class=\"align-icon\" style=\"text-align:center;\">\n<div class=\"aio-icon circle \"  style=\"color:#ffffff;background:#0068a7;font-size:28px;display:inline-block;\">\n\t<i class=\"Defaults-group users\"><\/i>\n<\/div><\/div><\/div><\/div><div class=\"stats-desc\" id=\"counter-responsv-wrap-7617\"><div id=\"counter_218157265269f5f6b455fe0\" data-id=\"counter_218157265269f5f6b455fe0\"  data-ultimate-target='#counter-responsv-wrap-7617 .stats-number'  data-responsive-json-new='{\"font-size\":\"desktop:60px;\",\"line-height\":\"desktop:60px;\"}'  class=\"stats-number ult-responsive\" style=\" color:#00395d; font-family:&#039;Open Sans Condensed&#039;;font-weight:700;color:#00395d;\" data-speed=\"3\" data-counter-value=\"67\" data-separator=\"none\" data-decimal=\".\">0<\/div><div id=\"counter_218157265269f5f6b455fe0\"  data-ultimate-target='#counter-responsv-wrap-7617 .stats-text'  data-responsive-json-new='{\"font-size\":\"desktop:19px;\",\"line-height\":\"desktop:26px;\"}'  class=\"stats-text ult-responsive\" style=\"font-size:px; color:#00395d; font-family:&#039;Open Sans Condensed&#039;;font-weight:700;\">partenaires<\/div><\/div><\/div>[\/vc_column][vc_column width=\u00a0\u00bb1\/3&Prime;]<div class=\"stats-block stats-left  accent-icon-bg  vc_custom_1773236975567\"><div class=\"aio-icon-left\"><div class=\"ult-just-icon-wrapper  \"><div class=\"align-icon\" style=\"text-align:center;\">\n<div class=\"aio-icon circle \"  style=\"color:#ffffff;background:#0068a7;font-size:28px;display:inline-block;\">\n\t<i class=\"Defaults-volume-up\"><\/i>\n<\/div><\/div><\/div><\/div><div class=\"stats-desc\" id=\"counter-responsv-wrap-4858\"><div id=\"counter_418873972969f5f6b4562d0\" data-id=\"counter_418873972969f5f6b4562d0\"  data-ultimate-target='#counter-responsv-wrap-4858 .stats-number'  data-responsive-json-new='{\"font-size\":\"desktop:60px;\",\"line-height\":\"desktop:60px;\"}'  class=\"stats-number ult-responsive\" style=\" color:#00395d; font-family:&#039;Open Sans Condensed&#039;;font-weight:700;color:#00395d;\" data-speed=\"3\" data-counter-value=\"67\" data-separator=\",\" data-decimal=\".\">0<\/div><div id=\"counter_418873972969f5f6b4562d0\"  data-ultimate-target='#counter-responsv-wrap-4858 .stats-text'  data-responsive-json-new='{\"font-size\":\"desktop:19px;\",\"line-height\":\"desktop:26px;\"}'  class=\"stats-text ult-responsive\" style=\"font-size:px; color:#00395d; font-family:&#039;Open Sans Condensed&#039;;font-weight:700;\">sessions<\/div><\/div><\/div>[\/vc_column][vc_column][vc_empty_space][\/vc_column][vc_column width=\u00a0\u00bb1\/3&Prime;]<div class=\"stats-block stats-left  accent-icon-bg  vc_custom_1773236983008\"><div class=\"aio-icon-left\"><div class=\"ult-just-icon-wrapper  \"><div class=\"align-icon\" style=\"text-align:center;\">\n<div class=\"aio-icon circle \"  style=\"color:#ffffff;font-size:28px;display:inline-block;\">\n\t<i class=\"Defaults-graduation-cap mortar-board\"><\/i>\n<\/div><\/div><\/div><\/div><div class=\"stats-desc\" id=\"counter-responsv-wrap-1575\"><div id=\"counter_80737729569f5f6b4565c0\" data-id=\"counter_80737729569f5f6b4565c0\"  data-ultimate-target='#counter-responsv-wrap-1575 .stats-number'  data-responsive-json-new='{\"font-size\":\"desktop:60px;\",\"line-height\":\"desktop:60px;\"}'  class=\"stats-number ult-responsive\" style=\" color:#00395d; font-family:&#039;Open Sans Condensed&#039;;font-weight:700;color:#00395d;\" data-speed=\"3\" data-counter-value=\"98\" data-separator=\"none\" data-decimal=\".\">0<\/div><div id=\"counter_80737729569f5f6b4565c0\"  data-ultimate-target='#counter-responsv-wrap-1575 .stats-text'  data-responsive-json-new='{\"font-size\":\"desktop:19px;\",\"line-height\":\"desktop:26px;\"}'  class=\"stats-text ult-responsive\" style=\"font-size:px; color:#00395d; font-family:&#039;Open Sans Condensed&#039;;font-weight:700;\">Communications orales<\/div><\/div><\/div>[\/vc_column][vc_column width=\u00a0\u00bb1\/3&Prime;]<div class=\"stats-block stats-left  accent-icon-bg  vc_custom_1773236991112\"><div class=\"aio-icon-left\"><div class=\"ult-just-icon-wrapper  \"><div class=\"align-icon\" style=\"text-align:center;\">\n<div class=\"aio-icon circle \"  style=\"color:#ffffff;background:#0068a7;font-size:28px;display:inline-block;\">\n\t<i class=\"Defaults-file-text\"><\/i>\n<\/div><\/div><\/div><\/div><div class=\"stats-desc\" id=\"counter-responsv-wrap-2083\"><div id=\"counter_291592936369f5f6b4568b6\" data-id=\"counter_291592936369f5f6b4568b6\"  data-ultimate-target='#counter-responsv-wrap-2083 .stats-number'  data-responsive-json-new='{\"font-size\":\"desktop:60px;\",\"line-height\":\"desktop:60px;\"}'  class=\"stats-number ult-responsive\" style=\" color:#00395d; font-family:&#039;Open Sans Condensed&#039;;font-weight:700;color:#00395d;\" data-speed=\"3\" data-counter-value=\"772\" data-separator=\"none\" data-decimal=\".\">0<\/div><div id=\"counter_291592936369f5f6b4568b6\"  data-ultimate-target='#counter-responsv-wrap-2083 .stats-text'  data-responsive-json-new='{\"font-size\":\"desktop:19px;\",\"line-height\":\"desktop:26px;\"}'  class=\"stats-text ult-responsive\" style=\"font-size:px; color:#00395d; font-family:&#039;Open Sans Condensed&#039;;font-weight:700;\">Abstracts soumis<\/div><\/div><\/div>[\/vc_column][vc_column width=\u00a0\u00bb1\/3&Prime;]<div class=\"stats-block stats-left  accent-icon-bg  vc_custom_1773237005144\"><div class=\"aio-icon-left\"><div class=\"ult-just-icon-wrapper  \"><div class=\"align-icon\" style=\"text-align:center;\">\n<div class=\"aio-icon circle \"  style=\"color:#ffffff;background:#0068a7;font-size:28px;display:inline-block;\">\n\t<i class=\"Defaults-file-text\"><\/i>\n<\/div><\/div><\/div><\/div><div class=\"stats-desc\" id=\"counter-responsv-wrap-8538\"><div id=\"counter_15046321769f5f6b456ba1\" data-id=\"counter_15046321769f5f6b456ba1\"  data-ultimate-target='#counter-responsv-wrap-8538 .stats-number'  data-responsive-json-new='{\"font-size\":\"desktop:60px;\",\"line-height\":\"desktop:60px;\"}'  class=\"stats-number ult-responsive\" style=\" color:#00395d; font-family:&#039;Open Sans Condensed&#039;;font-weight:700;color:#00395d;\" data-speed=\"3\" data-counter-value=\"382\" data-separator=\",\" data-decimal=\".\">0<\/div><div id=\"counter_15046321769f5f6b456ba1\"  data-ultimate-target='#counter-responsv-wrap-8538 .stats-text'  data-responsive-json-new='{\"font-size\":\"desktop:19px;\",\"line-height\":\"desktop:26px;\"}'  class=\"stats-text ult-responsive\" style=\"font-size:px; color:#00395d; font-family:&#039;Open Sans Condensed&#039;;font-weight:700;\">posters<\/div><\/div><\/div>[\/vc_column][\/vc_row][vc_row type=\u00a0\u00bbvc_default\u00a0\u00bb full_width=\u00a0\u00bbstretch_row_content\u00a0\u00bb css=\u00a0\u00bb.vc_custom_1671032147474{margin-top: -80px !important;}\u00a0\u00bb][vc_column][vc_empty_space height=\u00a0\u00bb64px\u00a0\u00bb][vc_empty_space height=\u00a0\u00bb64px\u00a0\u00bb][\/vc_column][\/vc_row][vc_row type=\u00a0\u00bbvc_default\u00a0\u00bb full_width=\u00a0\u00bbstretch_row_content\u00a0\u00bb][vc_column css=\u00a0\u00bb.vc_custom_1681983037501{margin-top: 10px !important;}\u00a0\u00bb][vc_empty_space][vc_custom_heading text=\u00a0\u00bbRejoignez-nous au congr\u00e8s annuel de la SFNDT\u00a0\u00bb font_container=\u00a0\u00bbtag:h2|font_size:40|text_align:left|color:%23d2d948&Prime; google_fonts=\u00a0\u00bbfont_family:Open%20Sans%20Condensed%3A300%2C300italic%2C700|font_style:700%20bold%20regular%3A700%3Anormal\u00a0\u00bb][vc_empty_space height=\u00a0\u00bb128px\u00a0\u00bb][\/vc_column][\/vc_row][vc_row type=\u00a0\u00bbvc_default\u00a0\u00bb full_width=\u00a0\u00bbstretch_row_content\u00a0\u00bb css=\u00a0\u00bb.vc_custom_1671032147474{margin-top: -80px !important;}\u00a0\u00bb][vc_column width=\u00a0\u00bb1\/6&Prime;][\/vc_column][vc_column width=\u00a0\u00bb2\/3&Prime;][vc_raw_html]JTNDc3R5bGUlM0UlMEElMjAlMjAlMjAlMjAlMjAlMjAlMjAlMjB2aWRlbyUyMCU3QiUwQSUyMCUyMCUyMCUyMCUyMCUyMCUyMCUyMCUyMCUyMCUyMCUyMHdpZHRoJTNBJTIwODAwcHglM0IlMEElMjAlMjAlMjAlMjAlMjAlMjAlMjAlMjAlMjAlMjAlMjAlMjBoZWlnaHQlM0ElMjBhdXRvJTNCJTBBJTIwJTIwJTIwJTIwJTIwJTIwJTIwJTIwJTNDJTJGc3R5bGUlM0UlMEElMEElM0N2aWRlbyUyMGNvbnRyb2xzJTIwY29udHJvbHNMaXN0JTNEJTIybm9kb3dubG9hZCUyMiUzRSUwQSUyMCUyMCUyMCUyMCUyMCUyMCUyMCUyMCUyMCUyMCUyMCUyMCUzQ3NvdXJjZSUyMHNyYyUzRCUyMmh0dHBzJTNBJTJGJTJGd3d3LmNvbmdyZXMuc2ZuZHQub3JnJTJGc2ZuZHQlMkZ3cC1jb250ZW50JTJGdXBsb2FkcyUyRjIwMjUlMkYwMiUyRkNPTkdSRVMlMjBTRk5EVF9QUk9NT19ERUYubXA0JTIyJTIwdHlwZSUzRCUyMnZpZGVvJTJGbXA0JTIyJTNFJTBBJTIwJTIwJTIwJTIwJTIwJTIwJTIwJTIwJTNDJTJGdmlkZW8lM0U=[\/vc_raw_html][\/vc_column][vc_column width=\u00a0\u00bb1\/6&Prime;][\/vc_column][\/vc_row]<\/p>\n","protected":false},"excerpt":{"rendered":"<p>[vc_row type=\u00a0\u00bbvc_default\u00a0\u00bb full_width=\u00a0\u00bbstretch_row_content\u00a0\u00bb css=\u00a0\u00bb.vc_custom_1671032147474{margin-top: -80px !important;}\u00a0\u00bb][vc_column][vc_empty_space][\/vc_column][\/vc_row][vc_row][vc_column][vc_empty_space][\/vc_column][\/vc_row][vc_row type=\u00a0\u00bbvc_default\u00a0\u00bb full_width=\u00a0\u00bbstretch_row_content\u00a0\u00bb][vc_column css=\u00a0\u00bb.vc_custom_1681983037501{margin-top: 10px !important;}\u00a0\u00bb][vc_empty_space][vc_custom_heading text=\u00a0\u00bbMot des pr\u00e9sidents\u00a0\u00bb font_container=\u00a0\u00bbtag:h2|font_size:40|text_align:left|color:%23d2d948&Prime; google_fonts=\u00a0\u00bbfont_family:Open%20Sans%20Condensed%3A300%2C300italic%2C700|font_style:700%20bold%20regular%3A700%3Anormal\u00a0\u00bb][vc_empty_space height=\u00a0\u00bb45px\u00a0\u00bb][\/vc_column][\/vc_row][vc_row type=\u00a0\u00bbvc_default\u00a0\u00bb full_width=\u00a0\u00bbstretch_row_content\u00a0\u00bb gap=\u00a0\u00bb10&Prime; full_width_row=\u00a0\u00bbtrue\u00a0\u00bb][vc_column][vc_column_text] Cher\u00b7e\u00b7s Coll\u00e8gues, Cher\u00b7e\u00b7s Ami\u00b7e\u00b7s, Le comit\u00e9 local d\u2019organisation d\u2019\u00cele-de-France a le plaisir de vous convier au 11\u1d49 Congr\u00e8s de la Soci\u00e9t\u00e9 Francophone de N\u00e9phrologie, Dialyse et Transplantation (SFNDT), qui se tiendra \u00e0 Paris, au&hellip;<\/p>\n","protected":false},"author":1,"featured_media":0,"parent":0,"menu_order":0,"comment_status":"closed","ping_status":"closed","template":"","meta":{"inline_featured_image":false},"_links":{"self":[{"href":"https:\/\/www.congres.sfndt.org\/sfndt\/wp-json\/wp\/v2\/pages\/12"}],"collection":[{"href":"https:\/\/www.congres.sfndt.org\/sfndt\/wp-json\/wp\/v2\/pages"}],"about":[{"href":"https:\/\/www.congres.sfndt.org\/sfndt\/wp-json\/wp\/v2\/types\/page"}],"author":[{"embeddable":true,"href":"https:\/\/www.congres.sfndt.org\/sfndt\/wp-json\/wp\/v2\/users\/1"}],"replies":[{"embeddable":true,"href":"https:\/\/www.congres.sfndt.org\/sfndt\/wp-json\/wp\/v2\/comments?post=12"}],"version-history":[{"count":301,"href":"https:\/\/www.congres.sfndt.org\/sfndt\/wp-json\/wp\/v2\/pages\/12\/revisions"}],"predecessor-version":[{"id":6629,"href":"https:\/\/www.congres.sfndt.org\/sfndt\/wp-json\/wp\/v2\/pages\/12\/revisions\/6629"}],"wp:attachment":[{"href":"https:\/\/www.congres.sfndt.org\/sfndt\/wp-json\/wp\/v2\/media?parent=12"}],"curies":[{"name":"wp","href":"https:\/\/api.w.org\/{rel}","templated":true}]}}