{"id":1005,"date":"2019-04-26T11:09:23","date_gmt":"2019-04-26T09:09:23","guid":{"rendered":"http:\/\/www.congres.sfndt.org\/?page_id=1005"},"modified":"2023-05-03T18:19:45","modified_gmt":"2023-05-03T16:19:45","slug":"a-propos-des-cookies","status":"publish","type":"page","link":"https:\/\/www.congres.sfndt.org\/sfndt\/a-propos-des-cookies\/","title":{"rendered":"A Propos des Cookies"},"content":{"rendered":"<p>[vc_row][vc_column][vc_empty_space]<div id=\"ultimate-heading-86069f2dc695e82d\" class=\"uvc-heading ult-adjust-bottom-margin ultimate-heading-86069f2dc695e82d uvc-6450  uvc-heading-default-font-sizes\" data-hspacer=\"no_spacer\"  data-halign=\"left\" style=\"text-align:left\"><div class=\"uvc-heading-spacer no_spacer\" style=\"top\"><\/div><div class=\"uvc-main-heading ult-responsive\"  data-ultimate-target='.uvc-heading.ultimate-heading-86069f2dc695e82d h2'  data-responsive-json-new='{\"font-size\":\"\",\"line-height\":\"\"}' ><h2 style=\"--font-weight:theme;color:#c6d853;\">Politique d\u2019Overcome \u00e0 propos des cookies<\/h2><\/div><\/div>[vc_empty_space height=\u00a0\u00bb16px\u00a0\u00bb][vc_column_text]Cette page vous permet de comprendre l\u2019origine et l\u2019usage des informations de navigation trait\u00e9es lors de la consultation du pr\u00e9sent site, sur vos droits et \u00e9galement sur les moyens d\u2019activer ou de d\u00e9sactiver l\u2019enregistrement de ces informations de navigation.[\/vc_column_text][vc_empty_space height=\u00a0\u00bb16px\u00a0\u00bb]<div id=\"ultimate-heading-492569f2dc695e930\" class=\"uvc-heading ult-adjust-bottom-margin ultimate-heading-492569f2dc695e930 uvc-3858 \" data-hspacer=\"no_spacer\"  data-halign=\"left\" style=\"text-align:left\"><div class=\"uvc-heading-spacer no_spacer\" style=\"top\"><\/div><div class=\"uvc-main-heading ult-responsive\"  data-ultimate-target='.uvc-heading.ultimate-heading-492569f2dc695e930 h2'  data-responsive-json-new='{\"font-size\":\"desktop:22px;\",\"line-height\":\"\"}' ><h2 style=\"--font-weight:theme;color:#0068a7;\">Qu\u2019est ce qu\u2019un cookie ?<\/h2><\/div><\/div>[vc_empty_space height=\u00a0\u00bb16px\u00a0\u00bb][vc_column_text]Lorsque vous consultez notre site depuis votre appareil (ordinateur, tablette, smartphone, etc.), des informations \u00e0 propos de votre navigation sont susceptibles d\u2019\u00eatre enregistr\u00e9es dans des fichiers appel\u00e9s Cookies. Ces cookies sont stock\u00e9s sur votre appareil. Vous pouvez supprimer ces cookies \u00e0 tout moment. Un Cookie d\u00e9pos\u00e9 ne \u00eatre lu ou modifi\u00e9 que par l\u2019\u00e9metteur.[\/vc_column_text][vc_empty_space height=\u00a0\u00bb16px\u00a0\u00bb]<div id=\"ultimate-heading-105969f2dc695ea1f\" class=\"uvc-heading ult-adjust-bottom-margin ultimate-heading-105969f2dc695ea1f uvc-3585 \" data-hspacer=\"no_spacer\"  data-halign=\"left\" style=\"text-align:left\"><div class=\"uvc-heading-spacer no_spacer\" style=\"top\"><\/div><div class=\"uvc-main-heading ult-responsive\"  data-ultimate-target='.uvc-heading.ultimate-heading-105969f2dc695ea1f h2'  data-responsive-json-new='{\"font-size\":\"desktop:22px;\",\"line-height\":\"\"}' ><h2 style=\"--font-weight:theme;color:#0068a7;\">Comment utilisons-nous les cookies ?<\/h2><\/div><\/div>[vc_empty_space height=\u00a0\u00bb16px\u00a0\u00bb][vc_column_text]Les Cookies que nous utilisons nous permettent principalement de stocker des donn\u00e9es et de reconna\u00eetre le navigateur de votre terminal pendant la dur\u00e9e de validit\u00e9 du Cookie concern\u00e9. Nous sommes aussi amen\u00e9s \u00e0 installer sur votre terminal des Cookies aux fins d\u00e9crites ci-dessous. Sachez que les Cookies enregistr\u00e9s via notre site ne stockent ni vos donn\u00e9es personnelles ni vos donn\u00e9es sensibles (ex : votre nom, votre adresse ou vos donn\u00e9es de paiement ne sont pas stock\u00e9es)[\/vc_column_text][vc_empty_space height=\u00a0\u00bb16px\u00a0\u00bb]<div id=\"ultimate-heading-264069f2dc695eb0a\" class=\"uvc-heading ult-adjust-bottom-margin ultimate-heading-264069f2dc695eb0a uvc-9384 \" data-hspacer=\"no_spacer\"  data-halign=\"left\" style=\"text-align:left\"><div class=\"uvc-heading-spacer no_spacer\" style=\"top\"><\/div><div class=\"uvc-main-heading ult-responsive\"  data-ultimate-target='.uvc-heading.ultimate-heading-264069f2dc695eb0a h2'  data-responsive-json-new='{\"font-size\":\"desktop:22px;\",\"line-height\":\"\"}' ><h2 style=\"--font-weight:theme;color:#0068a7;\">Quels cookies utilisons-nous ?<\/h2><\/div><\/div>[vc_empty_space height=\u00a0\u00bb16px\u00a0\u00bb]<div id=\"ultimate-heading-410369f2dc695ebf2\" class=\"uvc-heading ult-adjust-bottom-margin ultimate-heading-410369f2dc695ebf2 uvc-7984 \" data-hspacer=\"no_spacer\"  data-halign=\"left\" style=\"text-align:left\"><div class=\"uvc-heading-spacer no_spacer\" style=\"top\"><\/div><div class=\"uvc-main-heading ult-responsive\"  data-ultimate-target='.uvc-heading.ultimate-heading-410369f2dc695ebf2 h2'  data-responsive-json-new='{\"font-size\":\"desktop:22px;\",\"line-height\":\"\"}' ><h2 style=\"--font-weight:theme;color:#0068a7;\">Cookies propres \u00e0 Overcome<\/h2><\/div><\/div>[vc_empty_space height=\u00a0\u00bb16px\u00a0\u00bb][vc_column_text]Nous utilisons des Cookies de session vous permettent de naviguer sur notre site. Ces Cookies sont essentiels pour le bon fonctionnement du site et pour une exp\u00e9rience de navigation optimale.<br \/>\nAB : Il s\u2019agit des cookies d\u00e9pos\u00e9s par Overcome sur votre terminal pour les besoins de la navigation sur notre site internet, l\u2019optimisation et la personnalisation de nos services sur le site.[\/vc_column_text][vc_empty_space height=\u00a0\u00bb16px\u00a0\u00bb]<div id=\"ultimate-heading-574969f2dc695ecdf\" class=\"uvc-heading ult-adjust-bottom-margin ultimate-heading-574969f2dc695ecdf uvc-8506 \" data-hspacer=\"no_spacer\"  data-halign=\"left\" style=\"text-align:left\"><div class=\"uvc-heading-spacer no_spacer\" style=\"top\"><\/div><div class=\"uvc-main-heading ult-responsive\"  data-ultimate-target='.uvc-heading.ultimate-heading-574969f2dc695ecdf h2'  data-responsive-json-new='{\"font-size\":\"desktop:22px;\",\"line-height\":\"\"}' ><h2 style=\"--font-weight:theme;color:#0068a7;\">Cookies analytiques<\/h2><\/div><\/div>[vc_empty_space height=\u00a0\u00bb16px\u00a0\u00bb][vc_column_text]Nous utilisons des Cookies analytiques collectant des donn\u00e9es relatives \u00e0 votre utilisation de notre site. Les donn\u00e9es agr\u00e9g\u00e9es et anonymes provenant de ces Cookies sont uniquement utilis\u00e9es pour am\u00e9liorer le fonctionnement de notre site Internet.[\/vc_column_text][vc_empty_space height=\u00a0\u00bb16px\u00a0\u00bb]<div id=\"ultimate-heading-687269f2dc695edbb\" class=\"uvc-heading ult-adjust-bottom-margin ultimate-heading-687269f2dc695edbb uvc-3529 \" data-hspacer=\"no_spacer\"  data-halign=\"left\" style=\"text-align:left\"><div class=\"uvc-heading-spacer no_spacer\" style=\"top\"><\/div><div class=\"uvc-main-heading ult-responsive\"  data-ultimate-target='.uvc-heading.ultimate-heading-687269f2dc695edbb h2'  data-responsive-json-new='{\"font-size\":\"desktop:22px;\",\"line-height\":\"\"}' ><h2 style=\"--font-weight:theme;color:#0068a7;\">Cookies r\u00e9seaux sociaux<\/h2><\/div><\/div>[vc_empty_space height=\u00a0\u00bb16px\u00a0\u00bb][vc_column_text]L\u2019\u00e9mission et l\u2019utilisation de Cookies par des tiers, sont soumises aux politiques de protection de la vie priv\u00e9e de ces tiers. Nous vous informons de l\u2019objet des Cookies dont nous avons connaissance et des moyens dont vous disposez pour effectuer des choix \u00e0 l\u2019\u00e9gard de ces Cookies.<br \/>\nNous sommes \u00e9galement susceptibles de mettre sur notre site des boutons de partage du type \u00ab\u00a0Partager\u00a0\u00bb, \u00ab\u00a0J\u2019aime\u00a0\u00bb, issus de r\u00e9seaux sociaux tels que Facebook, Twitter.<br \/>\nLe r\u00e9seau social est susceptible de vous identifier gr\u00e2ce \u00e0 ce bouton, m\u00eame si vous n\u2019avez pas utilis\u00e9 ce bouton lors de votre consultation de notre site. En effet, ce type de bouton applicatif peut permettre au r\u00e9seau social concern\u00e9 de suivre votre navigation sur notre site, sur votre terminal suite \u00e0 une session ouverte pr\u00e9c\u00e9demment sur les r\u00e9seaux sociaux durant votre navigation sur notre site.<\/p>\n<p>Nous n\u2019avons aucun contr\u00f4le sur le processus employ\u00e9 par les r\u00e9seaux sociaux pour collecter des informations relatives \u00e0 votre navigation sur notre site et associ\u00e9es aux donn\u00e9es personnelles dont ils disposent. Nous vous invitons \u00e0 consulter les politiques de protection de la vie priv\u00e9e de ces r\u00e9seaux sociaux afin de prendre connaissance des finalit\u00e9s d\u2019utilisation, notamment publicitaires, des informations de navigation qu\u2019ils peuvent recueillir gr\u00e2ce \u00e0 ces boutons applicatifs.<br \/>\nCes droits d\u2019acc\u00e8s sont normalement param\u00e9trables dans vos r\u00e9glages d\u2019utilisation de chacun de ces r\u00e9seaux.[\/vc_column_text][vc_empty_space height=\u00a0\u00bb16px\u00a0\u00bb]<div id=\"ultimate-heading-602269f2dc695ee9a\" class=\"uvc-heading ult-adjust-bottom-margin ultimate-heading-602269f2dc695ee9a uvc-24 \" data-hspacer=\"no_spacer\"  data-halign=\"left\" style=\"text-align:left\"><div class=\"uvc-heading-spacer no_spacer\" style=\"top\"><\/div><div class=\"uvc-main-heading ult-responsive\"  data-ultimate-target='.uvc-heading.ultimate-heading-602269f2dc695ee9a h2'  data-responsive-json-new='{\"font-size\":\"desktop:22px;\",\"line-height\":\"\"}' ><h2 style=\"--font-weight:theme;color:#0068a7;\">Quelles sont les possibilit\u00e9s qui s\u2019offrent \u00e0 vous \u00e0 propos des cookies ?<\/h2><\/div><\/div>[vc_empty_space height=\u00a0\u00bb16px\u00a0\u00bb][vc_column_text]Plusieurs possibilit\u00e9s vous sont offertes pour g\u00e9rer les Cookies. Tout param\u00e9trage que vous pouvez entreprendre sera susceptible de modifier votre navigation sur Internet et vos conditions d\u2019acc\u00e8s \u00e0 certains services n\u00e9cessitant l\u2019utilisation de Cookies. Vous pouvez faire le choix \u00e0 tout moment d\u2019exprimer et de modifier vos souhaits en mati\u00e8re de Cookies, par les moyens d\u00e9crits ci-dessous. Les choix qui vous sont offerts par votre logiciel de navigation.<br \/>\nVous pouvez configurer votre logiciel de navigation de mani\u00e8re \u00e0 ce que des Cookies soient enregistr\u00e9s dans votre terminal ou, au contraire, qu\u2019ils soient rejet\u00e9s, soit syst\u00e9matiquement, soit selon leur \u00e9metteur. Vous pouvez \u00e9galement configurer votre logiciel de navigation de mani\u00e8re \u00e0 ce que l\u2019acceptation ou le refus des Cookies vous soient propos\u00e9s ponctuellement, avant qu\u2019un Cookie soit susceptible d\u2019\u00eatre enregistr\u00e9 dans votre terminal.[\/vc_column_text][vc_empty_space height=\u00a0\u00bb16px\u00a0\u00bb]<div id=\"ultimate-heading-283169f2dc695ef78\" class=\"uvc-heading ult-adjust-bottom-margin ultimate-heading-283169f2dc695ef78 uvc-4739 \" data-hspacer=\"no_spacer\"  data-halign=\"left\" style=\"text-align:left\"><div class=\"uvc-heading-spacer no_spacer\" style=\"top\"><\/div><div class=\"uvc-main-heading ult-responsive\"  data-ultimate-target='.uvc-heading.ultimate-heading-283169f2dc695ef78 h2'  data-responsive-json-new='{\"font-size\":\"desktop:22px;\",\"line-height\":\"\"}' ><h2 style=\"--font-weight:theme;color:#0068a7;\">L\u2019accord sur les Cookies<\/h2><\/div><\/div>[vc_empty_space height=\u00a0\u00bb16px\u00a0\u00bb][vc_column_text]L\u2019enregistrement d\u2019un Cookie dans un terminal est essentiellement subordonn\u00e9 \u00e0 la volont\u00e9 de l\u2019utilisateur du terminal, que celui-ci peut exprimer et modifier \u00e0 tout moment et gratuitement \u00e0 travers les choix qui lui sont offerts par son logiciel de navigation. Si vous avez accept\u00e9 dans votre logiciel de navigation l\u2019enregistrement de Cookies dans votre terminal, les Cookies int\u00e9gr\u00e9s dans les pages et contenus que vous avez consult\u00e9s pourront \u00eatre stock\u00e9s temporairement dans un espace d\u00e9di\u00e9 de votre terminal. Ils y seront lisibles uniquement par leur \u00e9metteur.[\/vc_column_text][vc_empty_space height=\u00a0\u00bb16px\u00a0\u00bb]<div id=\"ultimate-heading-345769f2dc695f053\" class=\"uvc-heading ult-adjust-bottom-margin ultimate-heading-345769f2dc695f053 uvc-9153 \" data-hspacer=\"no_spacer\"  data-halign=\"left\" style=\"text-align:left\"><div class=\"uvc-heading-spacer no_spacer\" style=\"top\"><\/div><div class=\"uvc-main-heading ult-responsive\"  data-ultimate-target='.uvc-heading.ultimate-heading-345769f2dc695f053 h2'  data-responsive-json-new='{\"font-size\":\"desktop:22px;\",\"line-height\":\"\"}' ><h2 style=\"--font-weight:theme;color:#0068a7;\">Le refus des Cookies<\/h2><\/div><\/div>[vc_empty_space height=\u00a0\u00bb16px\u00a0\u00bb][vc_column_text]Si vous refusez l\u2019enregistrement de Cookies dans votre terminal, ou si vous supprimez ceux qui y sont enregistr\u00e9s, vous ne pourrez plus b\u00e9n\u00e9ficier d\u2019un certain nombre de fonctionnalit\u00e9s qui sont n\u00e9anmoins n\u00e9cessaires pour naviguer dans certains espaces de notre site et vous proposer le meilleur service. Le cas \u00e9ch\u00e9ant, nous d\u00e9clinons toute responsabilit\u00e9 pour les cons\u00e9quences li\u00e9es au fonctionnement d\u00e9grad\u00e9 de nos services r\u00e9sultant de l\u2019impossibilit\u00e9 pour nous d\u2019enregistrer ou de consulter les Cookies n\u00e9cessaires \u00e0 leur fonctionnement et que vous auriez refus\u00e9s ou supprim\u00e9s.[\/vc_column_text][vc_empty_space height=\u00a0\u00bb16px\u00a0\u00bb]<div id=\"ultimate-heading-976369f2dc695f13a\" class=\"uvc-heading ult-adjust-bottom-margin ultimate-heading-976369f2dc695f13a uvc-6867 \" data-hspacer=\"no_spacer\"  data-halign=\"left\" style=\"text-align:left\"><div class=\"uvc-heading-spacer no_spacer\" style=\"top\"><\/div><div class=\"uvc-main-heading ult-responsive\"  data-ultimate-target='.uvc-heading.ultimate-heading-976369f2dc695f13a h2'  data-responsive-json-new='{\"font-size\":\"desktop:22px;\",\"line-height\":\"\"}' ><h2 style=\"--font-weight:theme;color:#0068a7;\">Comment d\u00e9sactiver les cookies sur votre navigateur ?<\/h2><\/div><\/div>[vc_empty_space height=\u00a0\u00bb16px\u00a0\u00bb][vc_column_text]Pour la gestion des Cookies et de vos choix, la configuration de chaque navigateur est diff\u00e9rente. Elle est d\u00e9crite dans le menu d\u2019aide de votre navigateur, qui vous permettra de savoir de quelle mani\u00e8re modifier vos souhaits en mati\u00e8re de Cookies.[\/vc_column_text][vc_empty_space height=\u00a0\u00bb16px\u00a0\u00bb]<div id=\"ultimate-heading-304869f2dc695f220\" class=\"uvc-heading ult-adjust-bottom-margin ultimate-heading-304869f2dc695f220 uvc-5887 \" data-hspacer=\"no_spacer\"  data-halign=\"left\" style=\"text-align:left\"><div class=\"uvc-heading-spacer no_spacer\" style=\"top\"><\/div><div class=\"uvc-main-heading ult-responsive\"  data-ultimate-target='.uvc-heading.ultimate-heading-304869f2dc695f220 h2'  data-responsive-json-new='{\"font-size\":\"desktop:22px;\",\"line-height\":\"\"}' ><h2 style=\"--font-weight:theme;color:#0068a7;\">Google Chrome<\/h2><\/div><\/div>[vc_empty_space height=\u00a0\u00bb16px\u00a0\u00bb][vc_column_text]Dans le menu Param\u00e8tres, s\u00e9lectionnez \u00ab\u00a0Afficher les param\u00e8tres avanc\u00e9s\u00a0\u00bb en bas de page<br \/>\nCliquez sur le bouton \u00ab\u00a0Param\u00e8tres de contenu\u00a0\u00bb dans la section Confidentialit\u00e9<br \/>\nLa section situ\u00e9e en haut de la page qui appara\u00eet alors vous en dit plus \u00e0 propos des Cookies et vous permet d\u2019installer les Cookies que vous voulez. Elle vous permet \u00e9galement de supprimer les cookies actuellement stock\u00e9s.[\/vc_column_text][vc_empty_space height=\u00a0\u00bb16px\u00a0\u00bb]<div id=\"ultimate-heading-114169f2dc695f30a\" class=\"uvc-heading ult-adjust-bottom-margin ultimate-heading-114169f2dc695f30a uvc-1409 \" data-hspacer=\"no_spacer\"  data-halign=\"left\" style=\"text-align:left\"><div class=\"uvc-heading-spacer no_spacer\" style=\"top\"><\/div><div class=\"uvc-main-heading ult-responsive\"  data-ultimate-target='.uvc-heading.ultimate-heading-114169f2dc695f30a h2'  data-responsive-json-new='{\"font-size\":\"desktop:22px;\",\"line-height\":\"\"}' ><h2 style=\"--font-weight:theme;color:#0068a7;\">Mozilla Firefox<\/h2><\/div><\/div>[vc_empty_space height=\u00a0\u00bb16px\u00a0\u00bb][vc_column_text]Dans le menu Outils, s\u00e9lectionnez \u00ab\u00a0options\u00a0\u00bb<br \/>\nS\u00e9lectionnez l\u2019onglet Vie Priv\u00e9e dans la fen\u00eatre Options<br \/>\nDans le menu d\u00e9roulant, choisissez \u00ab\u00a0Utiliser les param\u00e8tres personnalis\u00e9s pour l\u2019historique\u00a0\u00bb. Cela fera appara\u00eetre les options pour les cookies et vous pourrez choisir de les autoriser ou de les refuser en cochant la case appropri\u00e9e.[\/vc_column_text][vc_empty_space height=\u00a0\u00bb16px\u00a0\u00bb]<div id=\"ultimate-heading-882169f2dc695f3e5\" class=\"uvc-heading ult-adjust-bottom-margin ultimate-heading-882169f2dc695f3e5 uvc-9754 \" data-hspacer=\"no_spacer\"  data-halign=\"left\" style=\"text-align:left\"><div class=\"uvc-heading-spacer no_spacer\" style=\"top\"><\/div><div class=\"uvc-main-heading ult-responsive\"  data-ultimate-target='.uvc-heading.ultimate-heading-882169f2dc695f3e5 h2'  data-responsive-json-new='{\"font-size\":\"desktop:22px;\",\"line-height\":\"\"}' ><h2 style=\"--font-weight:theme;color:#0068a7;\">Internet Explorer 6+<\/h2><\/div><\/div>[vc_empty_space height=\u00a0\u00bb16px\u00a0\u00bb][vc_column_text]Dans le menu Outils, s\u00e9lectionnez \u00ab\u00a0Options Internet\u00a0\u00bb<br \/>\nCliquez sur l\u2019onglet Confidentialit\u00e9<br \/>\nVous verrez des param\u00e8tres de confidentialit\u00e9 avec six options, qui vous permettent de contr\u00f4ler le nombre de cookies qui seront enregistr\u00e9s : Bloquer Tous Les Cookies, Haute, Moyennement Haute, Moyenne (niveau par d\u00e9faut), Faible, et Accepter Tous Les Cookies. Plus d\u2019informations sur le site de Microsoft[\/vc_column_text][vc_empty_space height=\u00a0\u00bb16px\u00a0\u00bb]<div id=\"ultimate-heading-637369f2dc695f4ca\" class=\"uvc-heading ult-adjust-bottom-margin ultimate-heading-637369f2dc695f4ca uvc-9962 \" data-hspacer=\"no_spacer\"  data-halign=\"left\" style=\"text-align:left\"><div class=\"uvc-heading-spacer no_spacer\" style=\"top\"><\/div><div class=\"uvc-main-heading ult-responsive\"  data-ultimate-target='.uvc-heading.ultimate-heading-637369f2dc695f4ca h2'  data-responsive-json-new='{\"font-size\":\"desktop:22px;\",\"line-height\":\"\"}' ><h2 style=\"--font-weight:theme;color:#0068a7;\">Safari<\/h2><\/div><\/div>[vc_empty_space height=\u00a0\u00bb16px\u00a0\u00bb][vc_column_text]Dans le menu d\u00e9roulant, s\u00e9lectionnez l\u2019option \u00ab\u00a0pr\u00e9f\u00e9rences\u00a0\u00bb<br \/>\nOuvrez l\u2019onglet S\u00e9curit\u00e9<br \/>\nS\u00e9lectionnez l\u2019option que vous voulez dans la section \u00ab\u00a0accepter les cookies\u00a0\u00bb<\/p>\n<p><strong>Attention, la prise en compte de votre souhait repose sur un Cookie. Si vous supprimez tous les Cookies enregistr\u00e9s dans votre terminal (via votre navigateur), nous ou nos prestataires ne saurons plus que vous avez choisi cette option.<\/strong><\/p>\n<p>Plus d\u2019informations sur les cookies sur le site de la CNIL :<br \/>\n<a href=\"https:\/\/www.cnil.fr\/fr\/cookies-les-outils-pour-les-maitriser\" target=\"_blank\" rel=\"noopener\">https:\/\/www.cnil.fr\/fr\/cookies-les-outils-pour-les-maitriser<\/a>[\/vc_column_text][\/vc_column][\/vc_row]<\/p>\n","protected":false},"excerpt":{"rendered":"<p>[vc_row][vc_column][vc_empty_space][vc_empty_space height=\u00a0\u00bb16px\u00a0\u00bb][vc_column_text]Cette page vous permet de comprendre l\u2019origine et l\u2019usage des informations de navigation trait\u00e9es lors de la consultation du pr\u00e9sent site, sur vos droits et \u00e9galement sur les moyens d\u2019activer ou de d\u00e9sactiver l\u2019enregistrement de ces informations de navigation.[\/vc_column_text][vc_empty_space height=\u00a0\u00bb16px\u00a0\u00bb][vc_empty_space height=\u00a0\u00bb16px\u00a0\u00bb][vc_column_text]Lorsque vous consultez notre site depuis votre appareil (ordinateur, tablette, smartphone, etc.), des informations&hellip;<\/p>\n","protected":false},"author":1,"featured_media":0,"parent":0,"menu_order":0,"comment_status":"closed","ping_status":"closed","template":"","meta":{"inline_featured_image":false},"_links":{"self":[{"href":"https:\/\/www.congres.sfndt.org\/sfndt\/wp-json\/wp\/v2\/pages\/1005"}],"collection":[{"href":"https:\/\/www.congres.sfndt.org\/sfndt\/wp-json\/wp\/v2\/pages"}],"about":[{"href":"https:\/\/www.congres.sfndt.org\/sfndt\/wp-json\/wp\/v2\/types\/page"}],"author":[{"embeddable":true,"href":"https:\/\/www.congres.sfndt.org\/sfndt\/wp-json\/wp\/v2\/users\/1"}],"replies":[{"embeddable":true,"href":"https:\/\/www.congres.sfndt.org\/sfndt\/wp-json\/wp\/v2\/comments?post=1005"}],"version-history":[{"count":9,"href":"https:\/\/www.congres.sfndt.org\/sfndt\/wp-json\/wp\/v2\/pages\/1005\/revisions"}],"predecessor-version":[{"id":4427,"href":"https:\/\/www.congres.sfndt.org\/sfndt\/wp-json\/wp\/v2\/pages\/1005\/revisions\/4427"}],"wp:attachment":[{"href":"https:\/\/www.congres.sfndt.org\/sfndt\/wp-json\/wp\/v2\/media?parent=1005"}],"curies":[{"name":"wp","href":"https:\/\/api.w.org\/{rel}","templated":true}]}}